{"id":6,"date":"2023-10-20T01:15:07","date_gmt":"2023-10-20T01:15:07","guid":{"rendered":"https:\/\/bloquenacional.com\/?page_id=6"},"modified":"2024-01-17T21:39:38","modified_gmt":"2024-01-17T21:39:38","slug":"inicio","status":"publish","type":"page","link":"https:\/\/bloquenacional.com\/","title":{"rendered":"Inicio"},"content":{"rendered":"\t\t<div data-elementor-type=\"wp-page\" data-elementor-id=\"6\" class=\"elementor elementor-6\">\n\t\t\t\t<div class=\"elementor-element elementor-element-bccbb7e e-con-full e-flex e-con e-parent\" data-id=\"bccbb7e\" data-element_type=\"container\" data-settings=\"{&quot;background_background&quot;:&quot;classic&quot;}\">\n\t\t\t\t<\/div>\n\t\t<div class=\"elementor-element elementor-element-7fe51b7 e-flex e-con-boxed e-con e-parent\" data-id=\"7fe51b7\" data-element_type=\"container\" data-settings=\"{&quot;background_background&quot;:&quot;classic&quot;}\">\n\t\t\t\t\t<div class=\"e-con-inner\">\n\t\t\t\t<div class=\"elementor-element elementor-element-0c01f80 elementor-widget elementor-widget-spacer\" data-id=\"0c01f80\" data-element_type=\"widget\" data-widget_type=\"spacer.default\">\n\t\t\t\t<div class=\"elementor-widget-container\">\n\t\t\t\t\t\t\t<div class=\"elementor-spacer\">\n\t\t\t<div class=\"elementor-spacer-inner\"><\/div>\n\t\t<\/div>\n\t\t\t\t\t\t<\/div>\n\t\t\t\t<\/div>\n\t\t\t\t\t<\/div>\n\t\t\t\t<\/div>\n\t\t<div class=\"elementor-element elementor-element-938fe62 e-flex e-con-boxed e-con e-parent\" data-id=\"938fe62\" data-element_type=\"container\">\n\t\t\t\t\t<div class=\"e-con-inner\">\n\t\t\t\t<div class=\"elementor-element elementor-element-4a76d01 elementor-widget elementor-widget-heading\" data-id=\"4a76d01\" data-element_type=\"widget\" data-widget_type=\"heading.default\">\n\t\t\t\t<div class=\"elementor-widget-container\">\n\t\t\t\t\t<h5 class=\"elementor-heading-title elementor-size-default\">Somos una empresa dedicada a la comercializaci\u00f3n de granos y semillas. Satisfacemos y de atendemos la demanda de granos y semillas a nivel nacional, ofreciendo diferentes opciones de comercializaci\u00f3n de ma\u00edz, frijol, garbanzo y sorgo.<\/h5>\t\t\t\t<\/div>\n\t\t\t\t<\/div>\n\t\t\t\t\t<\/div>\n\t\t\t\t<\/div>\n\t\t<div class=\"elementor-element elementor-element-a71d53e e-flex e-con-boxed e-con e-parent\" data-id=\"a71d53e\" data-element_type=\"container\" data-settings=\"{&quot;background_background&quot;:&quot;classic&quot;}\">\n\t\t\t\t\t<div class=\"e-con-inner\">\n\t\t\t\t<div class=\"elementor-element elementor-element-861e0f1 elementor-widget elementor-widget-spacer\" data-id=\"861e0f1\" data-element_type=\"widget\" data-widget_type=\"spacer.default\">\n\t\t\t\t<div class=\"elementor-widget-container\">\n\t\t\t\t\t\t\t<div class=\"elementor-spacer\">\n\t\t\t<div class=\"elementor-spacer-inner\"><\/div>\n\t\t<\/div>\n\t\t\t\t\t\t<\/div>\n\t\t\t\t<\/div>\n\t\t\t\t\t<\/div>\n\t\t\t\t<\/div>\n\t\t<div class=\"elementor-element elementor-element-c3b7487 e-flex e-con-boxed e-con e-parent\" data-id=\"c3b7487\" data-element_type=\"container\">\n\t\t\t\t\t<div class=\"e-con-inner\">\n\t\t\t\t<div class=\"elementor-element elementor-element-bb6e4dd elementor-widget elementor-widget-heading\" data-id=\"bb6e4dd\" data-element_type=\"widget\" data-widget_type=\"heading.default\">\n\t\t\t\t<div class=\"elementor-widget-container\">\n\t\t\t\t\t<h2 class=\"elementor-heading-title elementor-size-default\">Nuestros Productos<\/h2>\t\t\t\t<\/div>\n\t\t\t\t<\/div>\n\t\t\t\t\t<\/div>\n\t\t\t\t<\/div>\n\t\t<div class=\"elementor-element elementor-element-994ab37 e-flex e-con-boxed e-con e-parent\" data-id=\"994ab37\" data-element_type=\"container\">\n\t\t\t\t\t<div class=\"e-con-inner\">\n\t\t<div class=\"elementor-element elementor-element-273631e e-con-full e-flex e-con e-child\" data-id=\"273631e\" data-element_type=\"container\">\n\t\t\t\t<div class=\"elementor-element elementor-element-3e1cfcd elementor-widget elementor-widget-image\" data-id=\"3e1cfcd\" data-element_type=\"widget\" data-widget_type=\"image.default\">\n\t\t\t\t<div class=\"elementor-widget-container\">\n\t\t\t\t\t\t\t\t\t\t\t\t\t\t\t<img fetchpriority=\"high\" decoding=\"async\" width=\"800\" height=\"384\" src=\"https:\/\/bloquenacional.com\/wp-content\/uploads\/2023\/10\/IMG1-1024x492.png\" class=\"attachment-large size-large wp-image-11\" alt=\"\" srcset=\"https:\/\/bloquenacional.com\/wp-content\/uploads\/2023\/10\/IMG1-1024x492.png 1024w, https:\/\/bloquenacional.com\/wp-content\/uploads\/2023\/10\/IMG1-300x144.png 300w, https:\/\/bloquenacional.com\/wp-content\/uploads\/2023\/10\/IMG1-768x369.png 768w\" sizes=\"(max-width: 800px) 100vw, 800px\" \/>\t\t\t\t\t\t\t\t\t\t\t\t\t\t\t<\/div>\n\t\t\t\t<\/div>\n\t\t\t\t<\/div>\n\t\t<div class=\"elementor-element elementor-element-8fca246 e-con-full e-flex e-con e-child\" data-id=\"8fca246\" data-element_type=\"container\">\n\t\t\t\t<div class=\"elementor-element elementor-element-a51dd8c elementor-widget elementor-widget-image\" data-id=\"a51dd8c\" data-element_type=\"widget\" data-widget_type=\"image.default\">\n\t\t\t\t<div class=\"elementor-widget-container\">\n\t\t\t\t\t\t\t\t\t\t\t\t\t\t\t<img decoding=\"async\" width=\"800\" height=\"384\" src=\"https:\/\/bloquenacional.com\/wp-content\/uploads\/2023\/10\/IMG2-1024x492.png\" class=\"attachment-large size-large wp-image-12\" alt=\"\" srcset=\"https:\/\/bloquenacional.com\/wp-content\/uploads\/2023\/10\/IMG2-1024x492.png 1024w, https:\/\/bloquenacional.com\/wp-content\/uploads\/2023\/10\/IMG2-300x144.png 300w, https:\/\/bloquenacional.com\/wp-content\/uploads\/2023\/10\/IMG2-768x369.png 768w\" sizes=\"(max-width: 800px) 100vw, 800px\" \/>\t\t\t\t\t\t\t\t\t\t\t\t\t\t\t<\/div>\n\t\t\t\t<\/div>\n\t\t\t\t<\/div>\n\t\t\t\t\t<\/div>\n\t\t\t\t<\/div>\n\t\t<div class=\"elementor-element elementor-element-ba2b3ef e-flex e-con-boxed e-con e-parent\" data-id=\"ba2b3ef\" data-element_type=\"container\">\n\t\t\t\t\t<div class=\"e-con-inner\">\n\t\t\t\t<div class=\"elementor-element elementor-element-bd0eda2 elementor-widget elementor-widget-text-editor\" data-id=\"bd0eda2\" data-element_type=\"widget\" data-widget_type=\"text-editor.default\">\n\t\t\t\t<div class=\"elementor-widget-container\">\n\t\t\t\t\t\t\t\t\t<p>En bloque agrario, contamos con venta de insumos agr\u00edcolas como:<br \/>Semillas<br \/>Fertilizantes<br \/>Agroqu\u00edmicos<\/p>\t\t\t\t\t\t\t\t<\/div>\n\t\t\t\t<\/div>\n\t\t\t\t\t<\/div>\n\t\t\t\t<\/div>\n\t\t<div class=\"elementor-element elementor-element-d553a7e e-flex e-con-boxed e-con e-parent\" data-id=\"d553a7e\" data-element_type=\"container\">\n\t\t\t\t\t<div class=\"e-con-inner\">\n\t\t<div class=\"elementor-element elementor-element-c89f3d5 e-con-full e-flex e-con e-child\" data-id=\"c89f3d5\" data-element_type=\"container\">\n\t\t\t\t<div class=\"elementor-element elementor-element-cecb6ff elementor-invisible elementor-widget elementor-widget-image\" data-id=\"cecb6ff\" data-element_type=\"widget\" data-settings=\"{&quot;_animation&quot;:&quot;fadeIn&quot;}\" data-widget_type=\"image.default\">\n\t\t\t\t<div class=\"elementor-widget-container\">\n\t\t\t\t\t\t\t\t\t\t\t\t\t\t\t<img decoding=\"async\" width=\"800\" height=\"534\" src=\"https:\/\/bloquenacional.com\/wp-content\/uploads\/2023\/10\/producto-1-1024x683.png\" class=\"attachment-large size-large wp-image-15\" alt=\"\" srcset=\"https:\/\/bloquenacional.com\/wp-content\/uploads\/2023\/10\/producto-1-1024x683.png 1024w, https:\/\/bloquenacional.com\/wp-content\/uploads\/2023\/10\/producto-1-300x200.png 300w, https:\/\/bloquenacional.com\/wp-content\/uploads\/2023\/10\/producto-1-768x512.png 768w\" sizes=\"(max-width: 800px) 100vw, 800px\" \/>\t\t\t\t\t\t\t\t\t\t\t\t\t\t\t<\/div>\n\t\t\t\t<\/div>\n\t\t\t\t<\/div>\n\t\t<div class=\"elementor-element elementor-element-5e977e8 e-con-full e-flex e-con e-child\" data-id=\"5e977e8\" data-element_type=\"container\">\n\t\t\t\t<div class=\"elementor-element elementor-element-5d18dd5 elementor-invisible elementor-widget elementor-widget-image\" data-id=\"5d18dd5\" data-element_type=\"widget\" data-settings=\"{&quot;_animation&quot;:&quot;fadeIn&quot;,&quot;_animation_delay&quot;:100}\" data-widget_type=\"image.default\">\n\t\t\t\t<div class=\"elementor-widget-container\">\n\t\t\t\t\t\t\t\t\t\t\t\t\t\t\t<img loading=\"lazy\" decoding=\"async\" width=\"800\" height=\"534\" src=\"https:\/\/bloquenacional.com\/wp-content\/uploads\/2023\/10\/producto-2-1024x683.png\" class=\"attachment-large size-large wp-image-16\" alt=\"\" srcset=\"https:\/\/bloquenacional.com\/wp-content\/uploads\/2023\/10\/producto-2-1024x683.png 1024w, https:\/\/bloquenacional.com\/wp-content\/uploads\/2023\/10\/producto-2-300x200.png 300w, https:\/\/bloquenacional.com\/wp-content\/uploads\/2023\/10\/producto-2-768x512.png 768w\" sizes=\"(max-width: 800px) 100vw, 800px\" \/>\t\t\t\t\t\t\t\t\t\t\t\t\t\t\t<\/div>\n\t\t\t\t<\/div>\n\t\t\t\t<\/div>\n\t\t<div class=\"elementor-element elementor-element-36a08b4 e-con-full e-flex e-con e-child\" data-id=\"36a08b4\" data-element_type=\"container\">\n\t\t\t\t<div class=\"elementor-element elementor-element-bb8dc3d elementor-invisible elementor-widget elementor-widget-image\" data-id=\"bb8dc3d\" data-element_type=\"widget\" data-settings=\"{&quot;_animation&quot;:&quot;fadeIn&quot;,&quot;_animation_delay&quot;:200}\" data-widget_type=\"image.default\">\n\t\t\t\t<div class=\"elementor-widget-container\">\n\t\t\t\t\t\t\t\t\t\t\t\t\t\t\t<img loading=\"lazy\" decoding=\"async\" width=\"800\" height=\"534\" src=\"https:\/\/bloquenacional.com\/wp-content\/uploads\/2023\/10\/producto-3-1024x683.png\" class=\"attachment-large size-large wp-image-17\" alt=\"\" srcset=\"https:\/\/bloquenacional.com\/wp-content\/uploads\/2023\/10\/producto-3-1024x683.png 1024w, https:\/\/bloquenacional.com\/wp-content\/uploads\/2023\/10\/producto-3-300x200.png 300w, https:\/\/bloquenacional.com\/wp-content\/uploads\/2023\/10\/producto-3-768x512.png 768w\" sizes=\"(max-width: 800px) 100vw, 800px\" \/>\t\t\t\t\t\t\t\t\t\t\t\t\t\t\t<\/div>\n\t\t\t\t<\/div>\n\t\t\t\t<\/div>\n\t\t<div class=\"elementor-element elementor-element-b643cdb e-con-full e-flex e-con e-child\" data-id=\"b643cdb\" data-element_type=\"container\">\n\t\t\t\t<div class=\"elementor-element elementor-element-b25897b elementor-invisible elementor-widget elementor-widget-image\" data-id=\"b25897b\" data-element_type=\"widget\" data-settings=\"{&quot;_animation&quot;:&quot;fadeIn&quot;,&quot;_animation_delay&quot;:300}\" data-widget_type=\"image.default\">\n\t\t\t\t<div class=\"elementor-widget-container\">\n\t\t\t\t\t\t\t\t\t\t\t\t\t\t\t<img loading=\"lazy\" decoding=\"async\" width=\"800\" height=\"534\" src=\"https:\/\/bloquenacional.com\/wp-content\/uploads\/2023\/10\/producto-4-1024x683.png\" class=\"attachment-large size-large wp-image-18\" alt=\"\" srcset=\"https:\/\/bloquenacional.com\/wp-content\/uploads\/2023\/10\/producto-4-1024x683.png 1024w, https:\/\/bloquenacional.com\/wp-content\/uploads\/2023\/10\/producto-4-300x200.png 300w, https:\/\/bloquenacional.com\/wp-content\/uploads\/2023\/10\/producto-4-768x512.png 768w\" sizes=\"(max-width: 800px) 100vw, 800px\" \/>\t\t\t\t\t\t\t\t\t\t\t\t\t\t\t<\/div>\n\t\t\t\t<\/div>\n\t\t\t\t<\/div>\n\t\t<div class=\"elementor-element elementor-element-cfd3d89 e-con-full e-flex e-con e-child\" data-id=\"cfd3d89\" data-element_type=\"container\">\n\t\t\t\t<div class=\"elementor-element elementor-element-dff9d2e elementor-invisible elementor-widget elementor-widget-image\" data-id=\"dff9d2e\" data-element_type=\"widget\" data-settings=\"{&quot;_animation&quot;:&quot;fadeIn&quot;,&quot;_animation_delay&quot;:400}\" data-widget_type=\"image.default\">\n\t\t\t\t<div class=\"elementor-widget-container\">\n\t\t\t\t\t\t\t\t\t\t\t\t\t\t\t<img loading=\"lazy\" decoding=\"async\" width=\"800\" height=\"534\" src=\"https:\/\/bloquenacional.com\/wp-content\/uploads\/2023\/10\/producto-5-1024x683.png\" class=\"attachment-large size-large wp-image-19\" alt=\"\" srcset=\"https:\/\/bloquenacional.com\/wp-content\/uploads\/2023\/10\/producto-5-1024x683.png 1024w, https:\/\/bloquenacional.com\/wp-content\/uploads\/2023\/10\/producto-5-300x200.png 300w, https:\/\/bloquenacional.com\/wp-content\/uploads\/2023\/10\/producto-5-768x512.png 768w\" sizes=\"(max-width: 800px) 100vw, 800px\" \/>\t\t\t\t\t\t\t\t\t\t\t\t\t\t\t<\/div>\n\t\t\t\t<\/div>\n\t\t\t\t<\/div>\n\t\t<div class=\"elementor-element elementor-element-18b3b6c e-con-full e-flex e-con e-child\" data-id=\"18b3b6c\" data-element_type=\"container\">\n\t\t\t\t<div class=\"elementor-element elementor-element-f5a748a elementor-invisible elementor-widget elementor-widget-image\" data-id=\"f5a748a\" data-element_type=\"widget\" data-settings=\"{&quot;_animation&quot;:&quot;fadeIn&quot;,&quot;_animation_delay&quot;:500}\" data-widget_type=\"image.default\">\n\t\t\t\t<div class=\"elementor-widget-container\">\n\t\t\t\t\t\t\t\t\t\t\t\t\t\t\t<img loading=\"lazy\" decoding=\"async\" width=\"800\" height=\"533\" src=\"https:\/\/bloquenacional.com\/wp-content\/uploads\/2023\/10\/producto-6-1024x682.png\" class=\"attachment-large size-large wp-image-20\" alt=\"\" srcset=\"https:\/\/bloquenacional.com\/wp-content\/uploads\/2023\/10\/producto-6-1024x682.png 1024w, https:\/\/bloquenacional.com\/wp-content\/uploads\/2023\/10\/producto-6-300x200.png 300w, https:\/\/bloquenacional.com\/wp-content\/uploads\/2023\/10\/producto-6-768x512.png 768w\" sizes=\"(max-width: 800px) 100vw, 800px\" \/>\t\t\t\t\t\t\t\t\t\t\t\t\t\t\t<\/div>\n\t\t\t\t<\/div>\n\t\t\t\t<\/div>\n\t\t\t\t\t<\/div>\n\t\t\t\t<\/div>\n\t\t<div class=\"elementor-element elementor-element-506de6e e-flex e-con-boxed e-con e-parent\" data-id=\"506de6e\" data-element_type=\"container\" data-settings=\"{&quot;background_background&quot;:&quot;classic&quot;}\">\n\t\t\t\t\t<div class=\"e-con-inner\">\n\t\t\t\t<div class=\"elementor-element elementor-element-f1448ad elementor-widget elementor-widget-spacer\" data-id=\"f1448ad\" data-element_type=\"widget\" data-widget_type=\"spacer.default\">\n\t\t\t\t<div class=\"elementor-widget-container\">\n\t\t\t\t\t\t\t<div class=\"elementor-spacer\">\n\t\t\t<div class=\"elementor-spacer-inner\"><\/div>\n\t\t<\/div>\n\t\t\t\t\t\t<\/div>\n\t\t\t\t<\/div>\n\t\t\t\t\t<\/div>\n\t\t\t\t<\/div>\n\t\t<div class=\"elementor-element elementor-element-4f02703 e-flex e-con-boxed e-con e-parent\" data-id=\"4f02703\" data-element_type=\"container\">\n\t\t\t\t\t<div class=\"e-con-inner\">\n\t\t<div class=\"elementor-element elementor-element-512620d e-con-full e-flex e-con e-child\" data-id=\"512620d\" data-element_type=\"container\" data-settings=\"{&quot;background_background&quot;:&quot;classic&quot;}\">\n\t\t\t\t<\/div>\n\t\t<div class=\"elementor-element elementor-element-f550cbd e-con-full e-flex e-con e-child\" data-id=\"f550cbd\" data-element_type=\"container\">\n\t\t\t\t<div class=\"elementor-element elementor-element-4944d5e elementor-widget elementor-widget-heading\" data-id=\"4944d5e\" data-element_type=\"widget\" data-widget_type=\"heading.default\">\n\t\t\t\t<div class=\"elementor-widget-container\">\n\t\t\t\t\t<h2 class=\"elementor-heading-title elementor-size-default\">Contacto<\/h2>\t\t\t\t<\/div>\n\t\t\t\t<\/div>\n\t\t\t\t<div class=\"elementor-element elementor-element-882d000 elementor-widget elementor-widget-text-editor\" data-id=\"882d000\" data-element_type=\"widget\" data-widget_type=\"text-editor.default\">\n\t\t\t\t<div class=\"elementor-widget-container\">\n\t\t\t\t\t\t\t\t\t<p>Para m\u00e1s informaci\u00f3n, d\u00e9janos tus datos<\/p>\t\t\t\t\t\t\t\t<\/div>\n\t\t\t\t<\/div>\n\t\t\t\t<div class=\"elementor-element elementor-element-007882e elementor-widget elementor-widget-shortcode\" data-id=\"007882e\" data-element_type=\"widget\" data-widget_type=\"shortcode.default\">\n\t\t\t\t<div class=\"elementor-widget-container\">\n\t\t\t\t\t\t\t<div class=\"elementor-shortcode\"><div class=\"forminator-ui forminator-custom-form forminator-custom-form-50 forminator-design--material forminator-enclosed forminator_ajax\" data-forminator-render=\"0\" data-form=\"forminator-module-50\" data-uid=\"69e24993c6121\"><br\/><\/div><form\n\t\t\t\tid=\"forminator-module-50\"\n\t\t\t\tclass=\"forminator-ui forminator-custom-form forminator-custom-form-50 forminator-design--material forminator-enclosed forminator_ajax\"\n\t\t\t\tmethod=\"post\"\n\t\t\t\tdata-forminator-render=\"0\"\n\t\t\t\tdata-form-id=\"50\"\n\t\t\t\t data-color-option=\"default\" data-design=\"material\" data-grid=\"enclosed\" style=\"display: none;\"\n\t\t\t\tdata-uid=\"69e24993c6121\"\n\t\t\t><div role=\"alert\" aria-live=\"polite\" class=\"forminator-response-message forminator-error\" aria-hidden=\"true\"><\/div><div class=\"forminator-row\"><div id=\"name-1\" class=\"forminator-field-name forminator-col forminator-col-12 \"><div class=\"forminator-field\"><label for=\"forminator-field-name-1_69e24993c6121\" id=\"forminator-field-name-1_69e24993c6121-label\" class=\"forminator-label\">Nombre <span class=\"forminator-required\">*<\/span><\/label><input type=\"text\" name=\"name-1\" value=\"\" placeholder=\"Ejemplo: Juan\" id=\"forminator-field-name-1_69e24993c6121\" class=\"forminator-input forminator-name--field\" aria-required=\"true\" autocomplete=\"name\" \/><\/div><\/div><\/div><div class=\"forminator-row\"><div id=\"email-1\" class=\"forminator-field-email forminator-col forminator-col-12 \"><div class=\"forminator-field\"><label for=\"forminator-field-email-1_69e24993c6121\" id=\"forminator-field-email-1_69e24993c6121-label\" class=\"forminator-label\">Correo electr\u00f3nico <span class=\"forminator-required\">*<\/span><\/label><input type=\"email\" name=\"email-1\" value=\"\" placeholder=\"Ej . : john@doe.com\" id=\"forminator-field-email-1_69e24993c6121\" class=\"forminator-input forminator-email--field\" data-required=\"true\" aria-required=\"true\" autocomplete=\"email\" \/><\/div><\/div><\/div><div class=\"forminator-row\"><div id=\"textarea-1\" class=\"forminator-field-textarea forminator-col forminator-col-12 \"><div class=\"forminator-field\"><label for=\"forminator-field-textarea-1_69e24993c6121\" id=\"forminator-field-textarea-1_69e24993c6121-label\" class=\"forminator-label\">Mensaje<\/label><textarea name=\"textarea-1\" placeholder=\"Introduce tu mensaje...\" id=\"forminator-field-textarea-1_69e24993c6121\" class=\"forminator-textarea\" rows=\"6\" style=\"min-height:140px;\" maxlength=\"180\" ><\/textarea><span id=\"forminator-field-textarea-1_69e24993c6121-description\" class=\"forminator-description\"><span data-limit=\"180\" data-type=\"characters\" data-editor=\"\">0 \/ 180<\/span><\/span><\/div><\/div><\/div><div class=\"forminator-row\"><div id=\"captcha-1\" class=\"forminator-field-captcha forminator-col forminator-col-12 \"><div class=\"forminator-captcha-left forminator-g-recaptcha recaptcha-invisible\" data-theme=\"light\" data-badge=\"bottomright\" data-sitekey=\"6LclSVQpAAAAAKSCsfFunxqBHlVhtg0iSulscbgu\" data-size=\"invisible\"><\/div> <\/div><\/div><input type=\"hidden\" name=\"referer_url\" value=\"\" \/><div class=\"forminator-row forminator-row-last\"><div class=\"forminator-col\"><div class=\"forminator-field\"><button class=\"forminator-button forminator-button-submit\"><span>Enviar mensaje<\/span><span aria-hidden=\"true\"><\/span><\/button><\/div><\/div><\/div><input type=\"hidden\" id=\"forminator_nonce\" name=\"forminator_nonce\" value=\"0ead6e55c0\" \/><input type=\"hidden\" name=\"_wp_http_referer\" value=\"\/index.php\/wp-json\/wp\/v2\/pages\/6\" \/><input type=\"hidden\" name=\"form_id\" value=\"50\"><input type=\"hidden\" name=\"page_id\" value=\"6\"><input type=\"hidden\" name=\"form_type\" value=\"default\"><input type=\"hidden\" name=\"current_url\" value=\"https:\/\/bloquenacional.com\/\"><input type=\"hidden\" name=\"render_id\" value=\"0\"><input type=\"hidden\" name=\"action\" value=\"forminator_submit_form_custom-forms\"><\/form><\/div>\n\t\t\t\t\t\t<\/div>\n\t\t\t\t<\/div>\n\t\t\t\t<\/div>\n\t\t<div class=\"elementor-element elementor-element-1d67f37 e-con-full e-flex e-con e-child\" data-id=\"1d67f37\" data-element_type=\"container\" data-settings=\"{&quot;background_background&quot;:&quot;classic&quot;}\">\n\t\t\t\t<\/div>\n\t\t\t\t\t<\/div>\n\t\t\t\t<\/div>\n\t\t\t\t<\/div>\n\t\t","protected":false},"excerpt":{"rendered":"<p>Somos una empresa dedicada a la comercializaci\u00f3n de granos y semillas. Satisfacemos y de atendemos la demanda de granos y semillas a nivel nacional, ofreciendo diferentes opciones de comercializaci\u00f3n de ma\u00edz, frijol, garbanzo y sorgo. Nuestros Productos En bloque agrario, contamos con venta de insumos agr\u00edcolas como:SemillasFertilizantesAgroqu\u00edmicos Contacto Para m\u00e1s informaci\u00f3n, d\u00e9janos tus datos<\/p>\n","protected":false},"author":1,"featured_media":0,"parent":0,"menu_order":0,"comment_status":"closed","ping_status":"closed","template":"","meta":{"footnotes":""},"class_list":["post-6","page","type-page","status-publish","hentry"],"_links":{"self":[{"href":"https:\/\/bloquenacional.com\/index.php\/wp-json\/wp\/v2\/pages\/6","targetHints":{"allow":["GET"]}}],"collection":[{"href":"https:\/\/bloquenacional.com\/index.php\/wp-json\/wp\/v2\/pages"}],"about":[{"href":"https:\/\/bloquenacional.com\/index.php\/wp-json\/wp\/v2\/types\/page"}],"author":[{"embeddable":true,"href":"https:\/\/bloquenacional.com\/index.php\/wp-json\/wp\/v2\/users\/1"}],"replies":[{"embeddable":true,"href":"https:\/\/bloquenacional.com\/index.php\/wp-json\/wp\/v2\/comments?post=6"}],"version-history":[{"count":51,"href":"https:\/\/bloquenacional.com\/index.php\/wp-json\/wp\/v2\/pages\/6\/revisions"}],"predecessor-version":[{"id":89,"href":"https:\/\/bloquenacional.com\/index.php\/wp-json\/wp\/v2\/pages\/6\/revisions\/89"}],"wp:attachment":[{"href":"https:\/\/bloquenacional.com\/index.php\/wp-json\/wp\/v2\/media?parent=6"}],"curies":[{"name":"wp","href":"https:\/\/api.w.org\/{rel}","templated":true}]}}